{"id":778,"date":"2023-03-09T08:12:46","date_gmt":"2023-03-09T08:12:46","guid":{"rendered":"https:\/\/global-fruits.com?page_id=778"},"modified":"2024-07-31T17:09:51","modified_gmt":"2024-07-31T16:09:51","slug":"politica-cookies","status":"publish","type":"page","link":"https:\/\/global-fruits.com\/es\/politica-cookies\/","title":{"rendered":"Pol\u00edtica de cookies"},"content":{"rendered":"\t\t<div data-elementor-type=\"wp-page\" data-elementor-id=\"778\" class=\"elementor elementor-778\">\n\t\t\t\t<div class=\"elementor-element elementor-element-d830233 e-con-full e-flex e-con e-parent\" data-id=\"d830233\" data-element_type=\"container\">\n\t\t<div class=\"elementor-element elementor-element-e9d8abb e-con-full e-flex e-con e-child\" data-id=\"e9d8abb\" data-element_type=\"container\" data-settings=\"{&quot;background_background&quot;:&quot;classic&quot;}\">\n\t\t\t\t<\/div>\n\t\t\t\t<\/div>\n\t\t<div class=\"elementor-element elementor-element-2ad1f7e e-con-full e-flex e-con e-parent\" data-id=\"2ad1f7e\" data-element_type=\"container\">\n\t\t<div class=\"elementor-element elementor-element-2d26c04 e-flex e-con-boxed e-con e-child\" data-id=\"2d26c04\" data-element_type=\"container\">\n\t\t\t\t\t<div class=\"e-con-inner\">\n\t\t\t\t<div class=\"elementor-element elementor-element-52a29c6 elementor-widget elementor-widget-image\" data-id=\"52a29c6\" data-element_type=\"widget\" data-widget_type=\"image.default\">\n\t\t\t\t<div class=\"elementor-widget-container\">\n\t\t\t<style>\/*! elementor - v3.21.0 - 08-05-2024 *\/\n.elementor-widget-image{text-align:center}.elementor-widget-image a{display:inline-block}.elementor-widget-image a img[src$=\".svg\"]{width:48px}.elementor-widget-image img{vertical-align:middle;display:inline-block}<\/style>\t\t\t\t\t\t\t\t\t\t<img decoding=\"async\" width=\"92\" height=\"72\" src=\"https:\/\/global-fruits.com\/wp-content\/uploads\/2024\/05\/icon_interterra2.png\" class=\"attachment-large size-large wp-image-6828\" alt=\"\" \/>\t\t\t\t\t\t\t\t\t\t\t\t\t<\/div>\n\t\t\t\t<\/div>\n\t\t\t\t<div class=\"elementor-element elementor-element-79c8080 elementor-hidden-desktop elementor-hidden-laptop elementor-hidden-tablet_extra elementor-hidden-tablet elementor-hidden-mobile_extra elementor-hidden-mobile elementor-widget elementor-widget-heading\" data-id=\"79c8080\" data-element_type=\"widget\" data-widget_type=\"heading.default\">\n\t\t\t\t<div class=\"elementor-widget-container\">\n\t\t\t<style>\/*! elementor - v3.21.0 - 08-05-2024 *\/\n.elementor-heading-title{padding:0;margin:0;line-height:1}.elementor-widget-heading .elementor-heading-title[class*=elementor-size-]>a{color:inherit;font-size:inherit;line-height:inherit}.elementor-widget-heading .elementor-heading-title.elementor-size-small{font-size:15px}.elementor-widget-heading .elementor-heading-title.elementor-size-medium{font-size:19px}.elementor-widget-heading .elementor-heading-title.elementor-size-large{font-size:29px}.elementor-widget-heading .elementor-heading-title.elementor-size-xl{font-size:39px}.elementor-widget-heading .elementor-heading-title.elementor-size-xxl{font-size:59px}<\/style><h2 class=\"elementor-heading-title elementor-size-default\">Aviso<\/h2>\t\t<\/div>\n\t\t\t\t<\/div>\n\t\t\t\t<div class=\"elementor-element elementor-element-d8961fe elementor-widget__width-initial elementor-widget elementor-widget-heading\" data-id=\"d8961fe\" data-element_type=\"widget\" data-widget_type=\"heading.default\">\n\t\t\t\t<div class=\"elementor-widget-container\">\n\t\t\t<h2 class=\"elementor-heading-title elementor-size-default\">Pol\u00edtica de Cookies<\/h2>\t\t<\/div>\n\t\t\t\t<\/div>\n\t\t\t\t\t<\/div>\n\t\t\t\t<\/div>\n\t\t\t\t<\/div>\n\t\t\t\t<section class=\"elementor-section elementor-top-section elementor-element elementor-element-146b6aac elementor-section-boxed elementor-section-height-default elementor-section-height-default\" data-id=\"146b6aac\" data-element_type=\"section\">\n\t\t\t\t\t\t<div class=\"elementor-container elementor-column-gap-default\">\n\t\t\t\t\t<div class=\"elementor-column elementor-col-100 elementor-top-column elementor-element elementor-element-37976f68\" data-id=\"37976f68\" data-element_type=\"column\">\n\t\t\t<div class=\"elementor-widget-wrap elementor-element-populated\">\n\t\t\t\t\t\t<div class=\"elementor-element elementor-element-f471874 elementor-widget elementor-widget-text-editor\" data-id=\"f471874\" data-element_type=\"widget\" data-widget_type=\"text-editor.default\">\n\t\t\t\t<div class=\"elementor-widget-container\">\n\t\t\t<style>\/*! elementor - v3.21.0 - 08-05-2024 *\/\n.elementor-widget-text-editor.elementor-drop-cap-view-stacked .elementor-drop-cap{background-color:#69727d;color:#fff}.elementor-widget-text-editor.elementor-drop-cap-view-framed .elementor-drop-cap{color:#69727d;border:3px solid;background-color:transparent}.elementor-widget-text-editor:not(.elementor-drop-cap-view-default) .elementor-drop-cap{margin-top:8px}.elementor-widget-text-editor:not(.elementor-drop-cap-view-default) .elementor-drop-cap-letter{width:1em;height:1em}.elementor-widget-text-editor .elementor-drop-cap{float:left;text-align:center;line-height:1;font-size:50px}.elementor-widget-text-editor .elementor-drop-cap-letter{display:inline-block}<\/style>\t\t\t\t<strong>\u00bfQu\u00e9 son las cookies y para qu\u00e9 las usamos?<\/strong>\n<br><br>\nUna cookie o galleta inform\u00e1tica es un peque\u00f1o archivo de informaci\u00f3n que se guarda en su navegador cada vez que visita nuestra p\u00e1gina web.\n<br><br>\nLa utilidad de las cookies es guardar el historial de su actividad en nuestra p\u00e1gina web, de manera que, cuando la visite nuevamente, \u00e9sta pueda identificarle y configurar el contenido de la misma en base a sus h\u00e1bitos de navegaci\u00f3n, identidad y preferencias.\n<br><br>\nUna cookie es inofensiva, no contiene c\u00f3digo malicioso o malintencionado (ej. virus, troyanos, gusanos, etc.) que pueda da\u00f1ar su terminal (ordenador, smartphone, tableta, etc.), pero s\u00ed tiene cierto impacto sobre su derecho a la protecci\u00f3n de sus datos, pues recoge determinada informaci\u00f3n concerniente a su persona (h\u00e1bitos de navegaci\u00f3n, identidad, preferencias, etc.).\n<br><br>\n<strong>\u00bfQu\u00e9 informaci\u00f3n guarda una cookie?<\/strong>\n<br><br>\nLas cookies no suelen recoger categor\u00edas especiales de datos personales (datos sensibles). Los datos que guardan son de car\u00e1cter t\u00e9cnico, preferencias personales, personalizaci\u00f3n de contenidos, etc.\n<br><br>\n<strong>\u00bfQu\u00e9 tipo de cookies existen?<\/strong>\n<br><br>\n<strong>Con car\u00e1cter general, existen cinco tipos de cookies:<\/strong>\n<br><br>\n<strong>Cookies t\u00e9cnicas:<\/strong>\n<br><br>\nSon las cookies m\u00e1s b\u00e1sicas. Permiten al usuario la navegaci\u00f3n a trav\u00e9s de una p\u00e1gina web, plataforma o aplicaci\u00f3n y la utilizaci\u00f3n de las diferentes opciones o servicios que en ella existan como, por ejemplo, controlar el tr\u00e1fico y la comunicaci\u00f3n de datos, identificar la sesi\u00f3n, acceder a partes de acceso restringido, recordar los elementos que integran un pedido, realizar el proceso de compra de un pedido, realizar la solicitud de inscripci\u00f3n o participaci\u00f3n en un evento, utilizar elementos de seguridad durante la navegaci\u00f3n, almacenar contenidos para la difusi\u00f3n de videos o sonido o compartir contenidos a trav\u00e9s de redes sociales.\n<br><br>\n<strong>Cookies de personalizaci\u00f3n:<\/strong>\n<br><br>\nSon aqu\u00e9llas que permiten al usuario acceder al servicio con algunas caracter\u00edsticas de car\u00e1cter general predefinidas en funci\u00f3n de una serie de criterios en el terminal del usuario como por ejemplo serian el idioma, el tipo de navegador a trav\u00e9s del cual accede al servicio, la configuraci\u00f3n regional desde donde accede al servicio, etc.\n<br><br>\n<strong>Cookies de an\u00e1lisis:<\/strong>\n<br><br>\nSon aqu\u00e9llas que permiten al responsable de las mismas, el seguimiento y an\u00e1lisis del comportamiento de los usuarios de los sitios web a los que est\u00e1n vinculadas. La informaci\u00f3n recogida mediante este tipo de cookies se utiliza en la medici\u00f3n de la actividad de los sitios web, aplicaci\u00f3n o plataforma y para la elaboraci\u00f3n de perfiles de navegaci\u00f3n de los usuarios de dichos sitios, aplicaciones y plataformas, con el fin de introducir mejoras en funci\u00f3n del an\u00e1lisis de los datos de uso que hacen los usuarios del servicio.\n<br><br>\n<strong>Cookies publicitarias:<\/strong>\n<br><br>\nSon aqu\u00e9llas que permiten la gesti\u00f3n, de la forma m\u00e1s eficaz posible, de los espacios publicitarios que, en su caso, el responsable haya incluido en una p\u00e1gina web, aplicaci\u00f3n o plataforma desde la que presta el servicio solicitado en base a criterios como el contenido editado o la frecuencia en la que se muestran los anuncios.\n<br><br>\n<strong>Cookies de publicidad comportamental:<\/strong>\n<br><br>\nSon aqu\u00e9llas que permiten la gesti\u00f3n, de la forma m\u00e1s eficaz posible, de los espacios publicitarios que, en su caso, el responsable haya incluido en una p\u00e1gina web, aplicaci\u00f3n o plataforma desde la que presta el servicio solicitado. Estas cookies almacenan informaci\u00f3n del comportamiento de los usuarios obtenida a trav\u00e9s de la observaci\u00f3n continuada de sus h\u00e1bitos de navegaci\u00f3n, lo que permite desarrollar un perfil espec\u00edfico para mostrar publicidad en funci\u00f3n del mismo.\n<br><br>\n<strong>\u00bfQu\u00e9 son las cookies propias y las de terceros?<\/strong>\n<strong>Cookies de propias:<\/strong>\n<br><br>\nLas cookies propias son aquellas que se generan y gestionan por el propio responsable que presta el servicio solicitado por el usuario.\n<br><br>\n<strong>Cookies de terceros:<\/strong>\n<br><br>\nSon aquellas que se generan por otras entidades distintas al propio responsable (servicios o proveedores externos, como por ejemplo Google).\n<br><br>\n<strong>\u00bfQu\u00e9 tipo de cookies guarda nuestra p\u00e1gina web?<\/strong>\n<br><br>\nA continuaci\u00f3n, procedemos a relacionar el tipo de cookies que guarda nuestra p\u00e1gina web y la finalidad de las mismas:<br>\nTipo de cookie Propietario Prop\u00f3sito\nPHPSESSID (De Sesi\u00f3n) www.interterra.es Guardar usuario y contrase\u00f1a de administradores<br><br>\n_gat (T\u00e9cnica) &#8211; www.interterra.es Configuraci\u00f3n de Google Analytics<br>\n_gid (Anal\u00edtica) &#8211; google.com Analiza el recorrido de los visitantes por la web<br>\n_ga (Anal\u00edtica) google.com &#8211; Se usa para distinguir a los usuarios.<br>\n<br><br>\n<strong>\u00bfQu\u00e9 puedo hacer con las cookies?<\/strong>\n<br><br>\nLas cookies pueden ser borradas, aceptadas o bloqueadas, seg\u00fan desee, para esto s\u00f3lo debe configurar convenientemente el navegador web.\n<br><br>\nEn cualquier momento, puede impedir la instalaci\u00f3n de cookies (bloqueo) en su equipo mediante la opci\u00f3n correspondiente de su navegador, pero en dicho caso no podremos asegurarle el correcto funcionamiento de las distintas funcionalidades de nuestra p\u00e1gina web.\n<br><br>\n<strong>A continuaci\u00f3n, le facilitamos los enlaces para la gesti\u00f3n y bloqueo de cookies dependiendo del navegador que utilice:<\/strong>\n<br><br>\nInternet Explorer: http:\/\/windows.microsoft.com\/es-xl\/internet-explorer\/delete-manage-cookies#ie=ie-10<br>\nFireFox:http:\/\/support.mozilla.org\/es\/kb\/habilitar-y-deshabilitar-cookies-que-los-sitios-we<br>\nChrome:https:\/\/support.google.com\/chrome\/answer\/95647?hl=es<br>\nSafari:https:\/\/www.apple.com\/legal\/privacy\/es\/cookies\/\n<br><br>\nTambi\u00e9n puede borrar las cookies que tenga guardadas en su navegador acudiendo a las opciones de configuraci\u00f3n del mismo.\t\t\t\t\t\t<\/div>\n\t\t\t\t<\/div>\n\t\t\t\t\t<\/div>\n\t\t<\/div>\n\t\t\t\t\t<\/div>\n\t\t<\/section>\n\t\t\t\t<\/div>\n\t\t","protected":false},"excerpt":{"rendered":"<p>Aviso Pol\u00edtica de Cookies \u00bfQu\u00e9 son las cookies y para qu\u00e9 las usamos? Una cookie o galleta inform\u00e1tica es un peque\u00f1o archivo de informaci\u00f3n que se guarda en su navegador cada vez que visita nuestra p\u00e1gina web. La utilidad de las cookies es guardar el historial de su actividad en nuestra p\u00e1gina web, de manera [&hellip;]<\/p>\n","protected":false},"author":1,"featured_media":0,"parent":0,"menu_order":0,"comment_status":"closed","ping_status":"closed","template":"template-homepage.php","meta":{"footnotes":""},"class_list":["post-778","page","type-page","status-publish","hentry"],"_links":{"self":[{"href":"https:\/\/global-fruits.com\/es\/wp-json\/wp\/v2\/pages\/778","targetHints":{"allow":["GET"]}}],"collection":[{"href":"https:\/\/global-fruits.com\/es\/wp-json\/wp\/v2\/pages"}],"about":[{"href":"https:\/\/global-fruits.com\/es\/wp-json\/wp\/v2\/types\/page"}],"author":[{"embeddable":true,"href":"https:\/\/global-fruits.com\/es\/wp-json\/wp\/v2\/users\/1"}],"replies":[{"embeddable":true,"href":"https:\/\/global-fruits.com\/es\/wp-json\/wp\/v2\/comments?post=778"}],"version-history":[{"count":0,"href":"https:\/\/global-fruits.com\/es\/wp-json\/wp\/v2\/pages\/778\/revisions"}],"wp:attachment":[{"href":"https:\/\/global-fruits.com\/es\/wp-json\/wp\/v2\/media?parent=778"}],"curies":[{"name":"wp","href":"https:\/\/api.w.org\/{rel}","templated":true}]}}